{"id":12,"date":"2022-08-08T10:29:15","date_gmt":"2022-08-08T10:29:15","guid":{"rendered":"https:\/\/arifegokceoglubayrak.com\/?page_id=12"},"modified":"2024-12-26T14:11:46","modified_gmt":"2024-12-26T14:11:46","slug":"hakkimda","status":"publish","type":"page","link":"https:\/\/www.arifegokceoglubayrak.com\/?page_id=12","title":{"rendered":"Hakk\u0131mda"},"content":{"rendered":"\n<figure class=\"wp-block-gallery has-nested-images columns-default is-cropped wp-block-gallery-1 is-layout-flex wp-block-gallery-is-layout-flex\">\n<figure class=\"wp-block-image size-medium is-style-default\"><img loading=\"lazy\" decoding=\"async\" width=\"300\" height=\"200\" data-id=\"77\" src=\"https:\/\/www.arifegokceoglubayrak.com\/wp-content\/uploads\/2024\/12\/HG0A0518_web-300x200.jpg\" alt=\"\" class=\"wp-image-77\" srcset=\"https:\/\/www.arifegokceoglubayrak.com\/wp-content\/uploads\/2024\/12\/HG0A0518_web-300x200.jpg 300w, https:\/\/www.arifegokceoglubayrak.com\/wp-content\/uploads\/2024\/12\/HG0A0518_web-1024x683.jpg 1024w, https:\/\/www.arifegokceoglubayrak.com\/wp-content\/uploads\/2024\/12\/HG0A0518_web-768x512.jpg 768w, https:\/\/www.arifegokceoglubayrak.com\/wp-content\/uploads\/2024\/12\/HG0A0518_web-1536x1024.jpg 1536w, https:\/\/www.arifegokceoglubayrak.com\/wp-content\/uploads\/2024\/12\/HG0A0518_web-2048x1365.jpg 2048w\" sizes=\"(max-width: 300px) 100vw, 300px\" \/><\/figure>\n<\/figure>\n\n\n\n<p><\/p>\n\n\n\n<p class=\"has-text-align-left\">Lisans&nbsp;e\u011fitimini&nbsp;\u0130zmir Ekonomi&nbsp;\u00dcniversitesi&nbsp;Psikoloji&nbsp;B\u00f6l\u00fcm\u00fcnde tamamlad\u0131m.<br>Bu&nbsp;s\u00fcre boyunca,&nbsp;s\u0131ras\u0131yla&nbsp;Dokuz&nbsp;Eyl\u00fcl&nbsp;\u00dcniversitesi&nbsp;Beyin&nbsp;Biofizi\u011fi&nbsp;Ara\u015ft\u0131rma&nbsp;Laboratuar\u0131nda,&nbsp;Almanya&nbsp;Braunschweig <br>Teknik&nbsp;\u00dcniversitesi&nbsp;Gerontopsikoloji&nbsp;B\u00f6l\u00fcm\u00fc\u2019nde&nbsp;ve&nbsp;Dokuz&nbsp;Eyl\u00fcl&nbsp;\u00dcniversitesi&nbsp;Multidisipliner&nbsp;Beyin&nbsp;Ara\u015ft\u0131rma&nbsp;Merkezi\u2019nde&nbsp;stajlar&nbsp;yapt\u0131m. Mezun&nbsp;olduktanhemen&nbsp;sonra,&nbsp;Dokuz&nbsp;Eyl\u00fcl&nbsp;\u00dcniversitesi&nbsp;Klinik&nbsp;Sinirbilimler&nbsp;(Neuroscience)&nbsp;B\u00f6l\u00fcm\u00fc\u2019ndey\u00fcksek&nbsp;lisans&nbsp;program\u0131na&nbsp;ba\u015flad\u0131m, 2017&nbsp;y\u0131l\u0131nda&nbsp;mezun&nbsp;olarak&nbsp;uzmanl\u0131\u011f\u0131m\u0131&nbsp;ald\u0131m. Y\u00fcksek&nbsp;lisans&nbsp;e\u011fitimim&nbsp;s\u0131ras\u0131nda,&nbsp;Dokuz&nbsp;Eyl\u00fcl&nbsp;\u00dcniversitesi&nbsp;Multidisipliner&nbsp;Beyin&nbsp;Ara\u015ft\u0131rmaMerkezi\u2019nde&nbsp;\u00e7al\u0131\u015ft\u0131m. Bu&nbsp;d\u00f6nemde&nbsp;ald\u0131\u011f\u0131m&nbsp;terapi&nbsp;e\u011fitimleri&nbsp;ve&nbsp;alan&nbsp;\u00e7al\u0131\u015fmalar\u0131,&nbsp;mesle\u011fime&nbsp;klinik&nbsp;alanda&nbsp;devam&nbsp;etme&nbsp;karar\u0131&nbsp;almam\u0131&nbsp;sa\u011flad\u0131.<\/p>\n\n\n\n<p>2014 \u2013 2017&nbsp;Dokuz&nbsp;Eyl\u00fcl&nbsp;\u00dcniversitesi&nbsp;Multidisipliner&nbsp;Beyin&nbsp;Ara\u015ft\u0131rma&nbsp;Merkezi\u2019nde&nbsp;\u00e7al\u0131\u015ft\u0131m.<\/p>\n\n\n\n<p>2016 \u2013 2019 y\u0131llar\u0131 aras\u0131nda Anaokullar\u0131nda okul psikolo\u011fu ve sorumlu m\u00fcd\u00fcr olarak g\u00f6rev ald\u0131m. Bu d\u00f6nemde \u00e7ocuklar ve anne babalarla&nbsp;psikoe\u011fitim,&nbsp;terapi odakl\u0131 bireysel ve grup \u00e7al\u0131\u015fmalar\u0131 yapt\u0131m.<\/p>\n\n\n\n<p>2014 \u2013 2017 y\u0131llar\u0131nda E\u011fitimci ve Kolayla\u015ft\u0131r\u0131c\u0131 olarak Kad\u0131n Sa\u011fl\u0131\u011f\u0131 E\u011fitimi (TAPV vakf\u0131na ba\u011fl\u0131) grup \u00e7al\u0131\u015fmalar\u0131 yapt\u0131m. Farkl\u0131 ya\u015f ve&nbsp;sosyo-k\u00fclt\u00fcrel durumlardan gelen kad\u0131nlarla \u00e7al\u0131\u015fmak ve onlarla grup etkile\u015fiminde bulunmak mesleki bak\u0131\u015f a\u00e7\u0131ma de\u011ferli katk\u0131larda bulundu. B\u00f6ylece mesleki ya\u015fant\u0131ma klinik d\u00fczlemde devam etmeye karar verdim.<\/p>\n\n\n\n<p>2016&nbsp;y\u0131l\u0131nda Abd\u00fclkadir \u00d6zbek Enstit\u00fcs\u00fc\u2019nde Psikodrama E\u011fitimim bu \u015fekilde ba\u015flad\u0131.&nbsp;2023 y\u0131l\u0131nda yard\u0131mc\u0131 terapistlik a\u015famas\u0131n\u0131 tamamlad\u0131m.<\/p>\n\n\n\n<p>2016\u2019dan bu yana bireysel dan\u0131\u015fmanl\u0131k, terapi ve grup \u00e7al\u0131\u015fmalar\u0131 y\u00fcr\u00fct\u00fcyorum. Bu \u00e7al\u0131\u015fmalarda, oyun terapisi, sanat terapisi tekniklerinden faydalan\u0131yorum.&nbsp;<\/p>\n\n\n\n<p>2021 y\u0131l\u0131nda ba\u015flad\u0131\u011f\u0131m psikodinamik y\u00f6nelimli bireysel psikoterapi s\u00fcrecim ve s\u00fcpervizyon \u00e7al\u0131\u015fmalar\u0131m halen devam etmektedir.&nbsp;<br><\/p>\n\n\n\n<p><strong>\u2022&nbsp;2009-2014, \u0130zmir Ekonomi \u00dcniversitesi Fen- Edebiyat Fak\u00fcltesi Psikoloji B\u00f6l\u00fcm\u00fc, Lisans<\/strong><\/p>\n\n\n\n<p>\u2022<strong>&nbsp;2014-2017, Dokuz Eyl\u00fcl \u00dcniversitesi, Y\u00fcksek Lisans Klinik Sinirbilimler<\/strong><\/p>\n\n\n\n<p>\u2022<strong>&nbsp;2016- 2023, Abd\u00fclkadir \u00d6zbek Psikodrama Enstit\u00fcs\u00fc Psikodrama E\u011fitimi (Co-terapist)<\/strong><\/p>\n\n\n\n<p><strong>\u2022&nbsp;Ekim 2023 \u2013 Haziran 2024, \u0130stanbul Psikoterapi Okulu&nbsp;Psikanalitik&nbsp;Psikoterapi E\u011fitimi<\/strong><\/p>\n\n\n\n<p><strong>\u2022&nbsp;2024 \u2013 2025 (devam etmekte), \u0130stanbul Esenyurt \u00dcniversitesi, Y\u00fcksek Lisans Klinik Psikoloji<\/strong><\/p>\n\n\n\n<p><\/p>\n\n\n\n<p><br><br><strong>KATILDI\u011eIM E\u011e\u0130T\u0130M VE SEM\u0130NERLER<\/strong><br>\u00a0<br>2012, Uluslararas\u0131 Gen\u00e7 Liderler Akademisi kapsam\u0131nda, \u201cAyr\u0131mc\u0131l\u0131k ve Medyada Nefret<br>S\u00f6ylemi\u201d\u00a0\u00c7al\u0131\u015fma Grubu<br>\u00a0<br>2012 \u2013 Dr. Zehra Mete ile Cinsel \u015eiddet ve Kad\u0131n Sa\u011fl\u0131\u011f\u0131, Dr. Serpil Sala\u00e7in\u2019le Cinsel<br>\u015eiddetin Adli T\u0131p A\u00e7\u0131s\u0131ndan De\u011ferlendirmesi E\u011fitimi<br>\u00a0<br>2012 \u2013 Leyla Welkin\u2019le Cinsel \u015eiddetin Psikolojik Etkileri\/ Cinsel \u015eiddete Maruz Kalan<br>Dan\u0131\u015fanla G\u00f6r\u00fc\u015fme Teknikleri E\u011fitici E\u011fitimi<br>\u00a0<br>2013, \u201cBili\u015fsel Bak\u0131\u015f A\u00e7\u0131s\u0131ndan Stres ve Stresle Ba\u015fetme\u201d\u00a0E\u011fitimi, \u0130zmir Ekonomi \u00dcniversitesi<br>\u00a0<br>2013, \u201cDurum Anksiyete ve Yeme Bozukluklar\u0131 i\u00e7in Tan\u0131sal G\u00f6r\u00fc\u015fme\u201d e\u011fitimi, \u0130zmir Ekonomi \u00dcniversitesi<br>\u00a0<br>2014,\u00a0Kad\u0131n Sa\u011fl\u0131\u011f\u0131 E\u011fitici E\u011fitimi, T\u00fcrkiye Aile Sa\u011fl\u0131\u011f\u0131 ve Planlamas\u0131 Vakf\u0131\u00a0<br>\u00a0<br>2016\/2023\u00a0Y\u0131l\u0131nda Abd\u00fclkadir \u00d6zbek Enstit\u00fcs\u00fc\u2019nde Psikodrama E\u011fitimi<br>\u00a0<br>2018,\u00a0\u00c7ocuk Merkezli Oyun Terapisi E\u011fitimi, K\u00f6k Psikolojik Dani\u015fmanlik ve E\u011fitim Merkezi,<br>\u00a0<br>2020\u00a0&#8211; 2021,\u00a0\u00c7ocuklarla ve Gen\u00e7lerle Sanat Terapisi Uygulamalar\u0131 I-II, Arkabah\u00e7e Psikolojik Geli\u015fim\u00a0ve Dan\u0131\u015fmanl\u0131k Merkezi<br>\u00a0<br>2020\/2021 \u00c7ocuk Merkezli Oyun Terapisi E\u011fitimi, \u00c7at\u0131 Psikoloji\u00a0ve E\u011fitim Merkezi,\u00a0Oyun Terapileri Derne\u011fi\u00a0ve APT (Association For Play Therapy-USA)<br>\u00a0<br>2016 \u2013 2019 y\u0131llar\u0131 aras\u0131nda Anaokullar\u0131nda okul psikolo\u011fu ve sorumlu m\u00fcd\u00fcr olarak g\u00f6rev\u00a0yapt\u0131m.\u00a0Bu d\u00f6nemde \u00e7ocuklar ve anne babalarla e\u011fitsel terapi odakl\u0131 bireysel ve grup \u00e7al\u0131\u015fmalar\u0131n\u0131 s\u00fcrd\u00fcrd\u00fcm.<br>\u00a0<br>Nisan\u00a02022,\u00a0Brainspotting Phase 1,\u00a0David Grand, Ph.D., Marie-Jose Boon\u00a0<br>\u00a0<br>Aral\u0131k 2022,\u00a0Brainspotting\u00a0Phase 2,\u00a0David Grand, Ph.D., Marie-Jose Boon\u00a0<br>\u00a0<br>May\u0131s 2023,\u00a0Brainspotting\u00a0\u0130ntense,\u00a0Marie-Jose Boon<br>\u00a0<br>2021,\u00a0Porno K\u00fclt\u00fcr\u00fcnde \u00c7ocuk Yeti\u015ftirmek Culture Reframed, Psikoloji \u0130stanbul<br>\u00a0<br>2022, Ergenlikte Sa\u011fl\u0131kl\u0131 Cinsellik E\u011fitici E\u011fitimi, Culture Reframed, Psikoloji \u0130stanbul<br>\u00a0<br>2022,\u00a0Terapistler \u0130\u00e7in Aile ile \u00c7al\u0131\u015fma, Oyun Terapisinde Aile ile \u00c7al\u0131\u015fma, Psikoloji \u0130stanbul<br>\u00a0<br>2023\/2025 Psikanalitik Psikoterapi E\u011fitimi, 108 saat kuramsal e\u011fitimi ve klinik beceri e\u011fitimi ve grup vaka s\u00fcpervizyon \u00e7al\u0131\u015fmas\u0131 (\u0130stanbul Psikoterapi Okulu) halen devam etmektedir.<br>\u00a0<br>\u015eubat 2023- Aral\u0131k 2024, \u201cHer Ay; 1 Kitap, 1 Olgu, 1 Makale\u201d \u00c7al\u0131\u015fmas\u0131 &#8211; \u0130zmir ODA\u011e Psikanaliz ve Psikoterapiler Derne\u011fi\u00a0<br>\u00a0<br>2022\/23\/24,\u00a0\u0130zmir Psikanaliz Toplant\u0131lar\u0131,\u00a0\u0130stanbul Psikanaliz Derne\u011fi\u00a0<br>\u00a0<br>Ekim\/Aral\u0131k\u00a02024, Winnicott\u2019la Tan\u0131\u015fma Seminerleri, \u0130stanbul Psikanaliz Derne\u011fi<br><br>\u0130zmir Oda\u011f Psikanaliz ve Psikoterapi Derne\u011fi (PPD), Toplumsal Dayan\u0131\u015fma i\u00e7in Psikologlar Derne\u011fi (TODAP), T\u00fcrk Psikologlar Derne\u011fi (TPD), \u0130zmir Psikodrama Derne\u011fi, Psikiyatri, Psikoloji, E\u011fitim ve N\u00f6robilim Ara\u015ft\u0131rmalar\u0131 Derne\u011fi (PENA) \u00fcyesidir.<br><br>\u00a0<\/p>\n","protected":false},"excerpt":{"rendered":"<p>Lisans&nbsp;e\u011fitimini&nbsp;\u0130zmir Ekonomi&nbsp;\u00dcniversitesi&nbsp;Psikoloji&nbsp;B\u00f6l\u00fcm\u00fcnde tamamlad\u0131m.Bu&nbsp;s\u00fcre boyunca,&nbsp;s\u0131ras\u0131yla&nbsp;Dokuz&nbsp;Eyl\u00fcl&nbsp;\u00dcniversitesi&nbsp;Beyin&nbsp;Biofizi\u011fi&nbsp;Ara\u015ft\u0131rma&nbsp;Laboratuar\u0131nda,&nbsp;Almanya&nbsp;Braunschweig Teknik&nbsp;\u00dcniversitesi&nbsp;Gerontopsikoloji&nbsp;B\u00f6l\u00fcm\u00fc\u2019nde&nbsp;ve&nbsp;Dokuz&nbsp;Eyl\u00fcl&nbsp;\u00dcniversitesi&nbsp;Multidisipliner&nbsp;Beyin&nbsp;Ara\u015ft\u0131rma&nbsp;Merkezi\u2019nde&nbsp;stajlar&nbsp;yapt\u0131m. Mezun&nbsp;olduktanhemen&nbsp;sonra,&nbsp;Dokuz&nbsp;Eyl\u00fcl&nbsp;\u00dcniversitesi&nbsp;Klinik&nbsp;Sinirbilimler&nbsp;(Neuroscience)&nbsp;B\u00f6l\u00fcm\u00fc\u2019ndey\u00fcksek&nbsp;lisans&nbsp;program\u0131na&nbsp;ba\u015flad\u0131m, 2017&nbsp;y\u0131l\u0131nda&nbsp;mezun&nbsp;olarak&nbsp;uzmanl\u0131\u011f\u0131m\u0131&nbsp;ald\u0131m. Y\u00fcksek&nbsp;lisans&nbsp;e\u011fitimim&nbsp;s\u0131ras\u0131nda,&nbsp;Dokuz&nbsp;Eyl\u00fcl&nbsp;\u00dcniversitesi&nbsp;Multidisipliner&nbsp;Beyin&nbsp;Ara\u015ft\u0131rmaMerkezi\u2019nde&nbsp;\u00e7al\u0131\u015ft\u0131m. Bu&nbsp;d\u00f6nemde&nbsp;ald\u0131\u011f\u0131m&nbsp;terapi&nbsp;e\u011fitimleri&nbsp;ve&nbsp;alan&nbsp;\u00e7al\u0131\u015fmalar\u0131,&nbsp;mesle\u011fime&nbsp;klinik&nbsp;alanda&nbsp;devam&nbsp;etme&nbsp;karar\u0131&nbsp;almam\u0131&nbsp;sa\u011flad\u0131. 2014 \u2013 2017&nbsp;Dokuz&nbsp;Eyl\u00fcl&nbsp;\u00dcniversitesi&nbsp;Multidisipliner&nbsp;Beyin&nbsp;Ara\u015ft\u0131rma&nbsp;Merkezi\u2019nde&nbsp;\u00e7al\u0131\u015ft\u0131m. 2016 \u2013 2019 y\u0131llar\u0131 aras\u0131nda Anaokullar\u0131nda okul psikolo\u011fu ve sorumlu m\u00fcd\u00fcr olarak g\u00f6rev ald\u0131m. Bu d\u00f6nemde \u00e7ocuklar ve anne babalarla&nbsp;psikoe\u011fitim,&nbsp;terapi odakl\u0131 bireysel ve grup \u00e7al\u0131\u015fmalar\u0131 yapt\u0131m. 2014 \u2013 2017 y\u0131llar\u0131nda E\u011fitimci ve Kolayla\u015ft\u0131r\u0131c\u0131 olarak Kad\u0131n Sa\u011fl\u0131\u011f\u0131 E\u011fitimi (TAPV vakf\u0131na ba\u011fl\u0131) grup \u00e7al\u0131\u015fmalar\u0131 yapt\u0131m. [&hellip;]<\/p>\n","protected":false},"author":1,"featured_media":0,"parent":0,"menu_order":0,"comment_status":"closed","ping_status":"closed","template":"","meta":{"saved_in_kubio":true,"footnotes":""},"class_list":["post-12","page","type-page","status-publish","hentry"],"kubio_ai_page_context":{"short_desc":"","purpose":"general"},"_links":{"self":[{"href":"https:\/\/www.arifegokceoglubayrak.com\/index.php?rest_route=\/wp\/v2\/pages\/12","targetHints":{"allow":["GET"]}}],"collection":[{"href":"https:\/\/www.arifegokceoglubayrak.com\/index.php?rest_route=\/wp\/v2\/pages"}],"about":[{"href":"https:\/\/www.arifegokceoglubayrak.com\/index.php?rest_route=\/wp\/v2\/types\/page"}],"author":[{"embeddable":true,"href":"https:\/\/www.arifegokceoglubayrak.com\/index.php?rest_route=\/wp\/v2\/users\/1"}],"replies":[{"embeddable":true,"href":"https:\/\/www.arifegokceoglubayrak.com\/index.php?rest_route=%2Fwp%2Fv2%2Fcomments&post=12"}],"version-history":[{"count":15,"href":"https:\/\/www.arifegokceoglubayrak.com\/index.php?rest_route=\/wp\/v2\/pages\/12\/revisions"}],"predecessor-version":[{"id":222,"href":"https:\/\/www.arifegokceoglubayrak.com\/index.php?rest_route=\/wp\/v2\/pages\/12\/revisions\/222"}],"wp:attachment":[{"href":"https:\/\/www.arifegokceoglubayrak.com\/index.php?rest_route=%2Fwp%2Fv2%2Fmedia&parent=12"}],"curies":[{"name":"wp","href":"https:\/\/api.w.org\/{rel}","templated":true}]}}