{"id":229,"date":"2025-02-13T08:09:38","date_gmt":"2025-02-13T08:09:38","guid":{"rendered":"https:\/\/www.arifegokceoglubayrak.com\/?page_id=229"},"modified":"2025-02-13T13:25:07","modified_gmt":"2025-02-13T13:25:07","slug":"yonlendirici-olmayan-oyun-terapisti-ne-yapar","status":"publish","type":"page","link":"https:\/\/www.arifegokceoglubayrak.com\/?page_id=229","title":{"rendered":"Y\u00f6nlendirici Olmayan Oyun Terapisti Ne Yapar?"},"content":{"rendered":"\n<p>\u201cY\u00f6nlendirici Olmama\u201d ifadesi bir\u00e7ok ki\u015fi hatta terapist taraf\u0131ndan uygulay\u0131c\u0131n\u0131n pasif kald\u0131\u011f\u0131 bir teknik olarak yorumlanabilir elbette. Oysa ki bu teknik, temelinde ki\u015finin kendi ya\u015fad\u0131\u011f\u0131 d\u00fcnyay\u0131 en iyi bilen ve \u00e7\u00f6z\u00fcm\u00fcn gizil g\u00fc\u00e7lerini i\u00e7inde ta\u015f\u0131yan de\u011ferli bir varl\u0131k oldu\u011fu sav\u0131yla yola \u00e7\u0131kar. Ama\u00e7lar\u0131 aras\u0131nda \u00e7ocu\u011fun d\u00fcnyas\u0131n\u0131 tan\u0131mak ve iyile\u015ftirici g\u00fc\u00e7leriyle onu bulu\u015fturarak geli\u015ftirmek bulunur. Bu y\u00f6n\u00fcyle oyun terapisinin uygulanabilirli\u011fi ve etkinli\u011fi artt\u0131r\u0131l\u0131r.<\/p>\n\n\n\n<p>1960\u2019l\u0131 y\u0131llardan bu yana oyun terapisiyle ilgilenenlerin yo\u011fun bir ilgi duydu\u011fu teknik yeni deneyimlerle yoluna zenginle\u015ferek devam etmi\u015f ve say\u0131s\u0131z vakada hedeflenen ama\u00e7lara ula\u015farak kendini ispatlam\u0131\u015ft\u0131r. &nbsp;<\/p>\n\n\n\n\n\n<p>\u00a0\u00a0\u00a0\u00a0\u00a0\u00a0\u00a0\u00a0\u00a0\u00a0\u00a0 <strong>Peki terapist bunu neler yaparak sa\u011flar?<\/strong><\/p>\n\n\n\n<ul class=\"wp-block-list\">\n<li>\u00d6ncelikle iyi bir oyun ortam\u0131 sa\u011flayarak ve ilgisini \u00e7ocu\u011fa y\u00f6nelterek iyi bir ili\u015fki geli\u015ftirmeye \u00e7al\u0131\u015f\u0131r. \u0130yi bir ili\u015fki oyun terapisi yolculu\u011funda kar\u015f\u0131la\u015f\u0131lmas\u0131 kesin olan g\u00fc\u00e7l\u00fc duygular\u0131n ve zorlu durumlar\u0131n g\u00f6\u011f\u00fcslenmesinde her iki taraf i\u00e7in de gerekli bir edinimdir.<\/li>\n\n\n\n<li>Ard\u0131ndan terapi alan \u00e7ocu\u011fu ko\u015fulsuz olarak kabul eder. G\u00fcnl\u00fck hayatta hepimiz ka\u00e7\u0131n\u0131lmaz olarak \u00e7e\u015fitli kural ve beklentilerle kar\u015f\u0131la\u015f\u0131r\u0131z. \u00c7ocuklar i\u00e7in de durum b\u00f6yledir. Hatta daha d\u00fcnyam\u0131z\u0131n kurallar\u0131na yabanc\u0131 ve d\u00fcrt\u00fclerini y\u00f6netmekte acemi olduklar\u0131 i\u00e7in daha da g\u00fc\u00e7t\u00fcr. B\u00f6ylece zihni kalabal\u0131k bir sorun k\u00fcmesiyle doludur.&nbsp; Kendisini \u00f6zg\u00fcrce ifade edip ortaya koymak en az\u0131ndan terapinin ba\u015flang\u0131c\u0131nda olduk\u00e7a zordur. Terapiye al\u0131nan \u00e7ocu\u011fun ko\u015fulsuz kabul\u00fc bu nedenle terapistin yapmas\u0131 gerekenlerin ba\u015f\u0131nda gelir.<\/li>\n\n\n\n<li>Oyun terapisi s\u00fcreci boyunca terapistin g\u00fcven ve ho\u015fg\u00f6r\u00fcy\u00fc \u00e7ocu\u011fa hissettirebilmesi de \u00f6nemlidir. Ancak b\u00f6ylelikle oyun alan\u0131 ifade \u00f6zg\u00fcrl\u00fc\u011f\u00fc i\u00e7in uygun bir zemine kavu\u015fur.<\/li>\n\n\n\n<li>Y\u00f6nlendirici Olmayan Oyun Terapisinde, \u00e7ocu\u011fun \u00f6zg\u00fcrce kurdu\u011fu, kendini ifade etmeyi ba\u015fard\u0131\u011f\u0131 d\u00f6nemde, terapist ruhsal yap\u0131ya ait bir\u00e7ok \u00f6zelli\u011fi fark edebilmeye ba\u015flar. Oyun ortam\u0131nda geli\u015fen duygular\u0131 yakalayabilmek \u00f6nemlidir.&nbsp; Bunu kadar \u00f6nemli bir di\u011fer beceri ise \u00e7ocu\u011fun durumuna, ihtiya\u00e7lar\u0131na ve terapinin ak\u0131\u015f\u0131na g\u00f6re fark ettiklerini uygun d\u00fczey ve d\u00fczlemde ona yans\u0131tabilmek, s\u00f6ze d\u00f6kebilmektir.&nbsp; \u00c7ocu\u011fun spontane eylem d\u0131\u015f\u0131nda fark\u0131ndal\u0131\u011f\u0131n\u0131n artmas\u0131 ancak bu yolla m\u00fcmk\u00fcnd\u00fcr. Terapistin, oyun i\u00e7eri\u011fini fark\u0131na varmadan atlamas\u0131 da \u00e7ocu\u011fun \u00f6z\u00fcmseyemeyece\u011fi kadar \u00e7ok s\u00f6zelle\u015ftirmesi de terapiyi hedefinden uzakla\u015ft\u0131r\u0131r.<\/li>\n\n\n\n<li>\u00c7ocuklar, hepimiz gibi neyi nas\u0131l yapmas\u0131 gerekti\u011fi ile ilgili a\u00e7\u0131klamalar\u0131 \u00e7ok s\u0131k duyarlar. Bu durum bir s\u00fcre sonra s\u0131k\u0131nt\u0131larla ba\u015f etme yetene\u011finde azalmalara yol a\u00e7arak bizi amac\u0131m\u0131zdan uzakla\u015ft\u0131r\u0131r.&nbsp; Terapist \u201cY\u00f6nlendirici Olmayan Oyun Terapisi\u2019ne ald\u0131\u011f\u0131 b\u00fct\u00fcn \u00e7ocuklar\u0131n sorumlu davranma kapasitesinin oldu\u011funa inanmal\u0131d\u0131r. \u00c7ocu\u011fun, kendi ki\u015fisel sorunlar\u0131n\u0131 a\u015fmak i\u00e7in yeterli oldu\u011funu bilir. Bu sayede \u00e7ocuk bunu ke\u015ffetme \u015fans\u0131na sahip olabilir. Terapist de bunu bildi\u011fi i\u00e7in sorun \u00e7\u00f6zme giri\u015fimlerine izin verir, bunu deneyimleme \u015fans\u0131n\u0131 sa\u011flar. Sonu\u00e7ta \u00e7ocu\u011fun kendi a\u00e7mazlar\u0131na \u00e7areler \u00fcretme yetilerinin artt\u0131\u011f\u0131n\u0131 g\u00f6recektir.<\/li>\n\n\n\n<li>Oyun s\u00fcrekli olarak bir eri\u015fkin taraf\u0131ndan y\u00f6netilirse \u00e7ocuk oynanan oyunun kendi oyunu oldu\u011fu duygusunu kaybedecektir. Do\u011fall\u0131\u011f\u0131, ne\u015fesi, kendili\u011findenli\u011fi kaybolan bir oyunun da s\u00fcrmesi m\u00fcmk\u00fcn de\u011fildir. \u00c7ocu\u011fun i\u00e7inden gelen bir s\u00fcre\u00e7 olarak oyun, bir terapinin lokomotifi olarak kabul edilmelidir. \u0130\u00e7ten gelen do\u011fall\u0131\u011f\u0131n t\u00fcm oyunu ve terapisti y\u00f6nlendirmesine izin vermek kesintisiz bir ak\u0131\u015f sa\u011flayacak, bu ak\u0131\u015f terapide sonuca kadar e\u015flik edecektir.<\/li>\n\n\n\n<li>\u0130yi bir terapistin sa\u011flamas\u0131 gereken bir di\u011fer ko\u015ful terapinin ilerleyi\u015f temposunu sezmek ve benimsemektir. S\u00fcrekli h\u0131zland\u0131rmaya \u00e7al\u0131\u015fmak amaca ula\u015fmay\u0131 imk\u00e2ns\u0131z k\u0131lar.<\/li>\n\n\n\n<li>T\u00fcm bu ko\u015fullarla beraber belli s\u0131n\u0131rlar ve kurallar Y\u00f6nlendirici Olmayan Oyun Terapisi\u2019nde de vard\u0131r. Di\u011fer terapi tekniklerinden daha az olsa bile\u2026<\/li>\n<\/ul>\n\n\n\n<p>\u00c7ocu\u011fun kendisine, oyun alan\u0131na ve s\u00fcrece zarar vermesinin engellenmesi, \u00e7ocu\u011fun kendisini daha az su\u00e7lu ve benlik sayg\u0131s\u0131n\u0131 daha g\u00fc\u00e7l\u00fc hissetmesini sa\u011flar. S\u0131n\u0131rlar ya\u015fa, davran\u0131\u015f sorununa, geli\u015fim d\u00fczeyine ve \u015fartlara g\u00f6re de\u011fi\u015fir. Yukar\u0131da say\u0131lan t\u00fcm ko\u015fullar\u0131n \u00f6n\u00fcne ge\u00e7memesine dikkat edilmelidir.<br><\/p>\n\n\n","protected":false},"excerpt":{"rendered":"<p>\u201cY\u00f6nlendirici Olmama\u201d ifadesi bir\u00e7ok ki\u015fi hatta terapist taraf\u0131ndan uygulay\u0131c\u0131n\u0131n pasif kald\u0131\u011f\u0131 bir teknik olarak yorumlanabilir elbette. Oysa ki bu teknik, temelinde ki\u015finin kendi ya\u015fad\u0131\u011f\u0131 d\u00fcnyay\u0131 en iyi bilen ve \u00e7\u00f6z\u00fcm\u00fcn gizil g\u00fc\u00e7lerini i\u00e7inde ta\u015f\u0131yan de\u011ferli bir varl\u0131k oldu\u011fu sav\u0131yla yola \u00e7\u0131kar. Ama\u00e7lar\u0131 aras\u0131nda \u00e7ocu\u011fun d\u00fcnyas\u0131n\u0131 tan\u0131mak ve iyile\u015ftirici g\u00fc\u00e7leriyle onu bulu\u015fturarak geli\u015ftirmek bulunur. Bu y\u00f6n\u00fcyle [&hellip;]<\/p>\n","protected":false},"author":1,"featured_media":0,"parent":0,"menu_order":0,"comment_status":"closed","ping_status":"closed","template":"","meta":{"saved_in_kubio":true,"footnotes":""},"class_list":["post-229","page","type-page","status-publish","hentry"],"kubio_ai_page_context":{"short_desc":"","purpose":"general"},"_links":{"self":[{"href":"https:\/\/www.arifegokceoglubayrak.com\/index.php?rest_route=\/wp\/v2\/pages\/229","targetHints":{"allow":["GET"]}}],"collection":[{"href":"https:\/\/www.arifegokceoglubayrak.com\/index.php?rest_route=\/wp\/v2\/pages"}],"about":[{"href":"https:\/\/www.arifegokceoglubayrak.com\/index.php?rest_route=\/wp\/v2\/types\/page"}],"author":[{"embeddable":true,"href":"https:\/\/www.arifegokceoglubayrak.com\/index.php?rest_route=\/wp\/v2\/users\/1"}],"replies":[{"embeddable":true,"href":"https:\/\/www.arifegokceoglubayrak.com\/index.php?rest_route=%2Fwp%2Fv2%2Fcomments&post=229"}],"version-history":[{"count":6,"href":"https:\/\/www.arifegokceoglubayrak.com\/index.php?rest_route=\/wp\/v2\/pages\/229\/revisions"}],"predecessor-version":[{"id":251,"href":"https:\/\/www.arifegokceoglubayrak.com\/index.php?rest_route=\/wp\/v2\/pages\/229\/revisions\/251"}],"wp:attachment":[{"href":"https:\/\/www.arifegokceoglubayrak.com\/index.php?rest_route=%2Fwp%2Fv2%2Fmedia&parent=229"}],"curies":[{"name":"wp","href":"https:\/\/api.w.org\/{rel}","templated":true}]}}