{"id":242,"date":"2025-02-13T13:15:57","date_gmt":"2025-02-13T13:15:57","guid":{"rendered":"https:\/\/www.arifegokceoglubayrak.com\/?page_id=242"},"modified":"2025-02-13T13:22:30","modified_gmt":"2025-02-13T13:22:30","slug":"oyun-terapisti-ne-yapmaz","status":"publish","type":"page","link":"https:\/\/www.arifegokceoglubayrak.com\/?page_id=242","title":{"rendered":"Oyun Terapisti Ne Yapmaz?"},"content":{"rendered":"\n<p><\/p>\n\n\n\n<p>Y\u00f6nlendirici Olmayan Oyun Terapisi ile ilgili ebeveynlere bilgi aktar\u0131m\u0131 kimi zaman<br>kafa kar\u0131\u015f\u0131kl\u0131klar\u0131na neden olabiliyor. \u00c7ocukla terapi deyince ak\u0131llara \u201c\u00f6\u011fretici, didaktik yan\u0131<br>a\u011f\u0131r basan, rol model olunmas\u0131 beklenen, yap\u0131lmas\u0131 gerekenleri anlatan\u201d gibi y\u00f6ntemler<br>gelebilmektedir.<br>\u201cY\u00f6nlendirilmemek ve Oyun\u201d kelimeleri uzmanl\u0131k gerektirmeyen bir uygulama gibi<br>de\u011ferlendirilebilmektedir. Oysa di\u011fer terapi ekolleri gibi, uzun s\u00fcren teorik ve uygulamal\u0131<br>e\u011fitimlerin ard\u0131ndan dan\u0131\u015fan kar\u015f\u0131s\u0131na \u00e7\u0131k\u0131labilecek bir terapi tekni\u011fidir.<br>Y\u00f6nlendirici olmayan oyun terapisinde terapist \u00f6ncelikle \u00e7ocu\u011fun liderli\u011fine izin verir<br>ve davran\u0131\u015flar\u0131n\u0131 izler. G\u00fcnl\u00fck hayat\u0131nda s\u0131k s\u0131k ele\u015ftirilen ve ne yapmamas\u0131 gerekti\u011fi<br>hat\u0131rlat\u0131lan bir \u00e7ocu\u011fun kendini serbest\u00e7e ifade edebilmesi ba\u015fka t\u00fcrl\u00fc d\u00fc\u015f\u00fcn\u00fclemez. Oldu\u011fu<br>gibi kabul etti\u011fi \u00e7ocu\u011fun hislerini oyun alan\u0131na yans\u0131tmas\u0131n\u0131 hedefler. Do\u011fald\u0131r ki, bu s\u00fcre\u00e7te<br>zaman zaman s\u0131n\u0131r konulmas\u0131 gereken durumlar olu\u015fabilir. En temelde, \u00e7ocu\u011fun kendisine ve<br>bulundu\u011fu ortama zarar verebilece\u011fi bir davran\u0131\u015f\u0131 engellemek amac\u0131yla s\u0131n\u0131r konulur.<br>Oyun terapisti \u00e7ocu\u011fun h\u0131z\u0131na sayg\u0131 duyarak, yetene\u011fini ve \u00e7abas\u0131n\u0131 onaylayarak,<br>\u00e7ocu\u011fun verdi\u011fi t\u00fcm rollere aktif olarak kat\u0131larak, uygun zamanlarda s\u00f6zel geri bildirimler<br>verir. Bu sayede sorunu tan\u0131ma ve g\u00f6zlem yapma f\u0131rsat\u0131 bulur.<br>Burada, k\u0131saca oyun terapistinin \u00e7ocu\u011fun sorunlar\u0131na yard\u0131mc\u0131 olabilmek ad\u0131na oyun<br>odas\u0131nda neler yapmad\u0131\u011f\u0131ndan bahsetmek istiyorum.<\/p>\n\n\n\n\n\n<p>OYUN TERAP\u0130ST\u0130 NELER YAPMAZ?<\/p>\n\n\n\n<p>\u00c7ocu\u011fun hi\u00e7bir davran\u0131\u015f\u0131n\u0131 ele\u015ftirmez!<br>Gereksiz sorular sormaz!<br>Bilgi vermez, \u00f6\u011fretmez!<br>\u00c7ocu\u011fu \u00f6vmez!<br>\u00d6\u011f\u00fct vermez!<br>Sessiz kalmaz!<br>\u00c7ocu\u011fu hemen teselli etmez! (Hemen teselli edilen \u00e7ocuk ba\u015f etme y\u00f6ntemlerini<br>geli\u015ftiremez)<\/p>\n\n\n","protected":false},"excerpt":{"rendered":"<p>Y\u00f6nlendirici Olmayan Oyun Terapisi ile ilgili ebeveynlere bilgi aktar\u0131m\u0131 kimi zamankafa kar\u0131\u015f\u0131kl\u0131klar\u0131na neden olabiliyor. \u00c7ocukla terapi deyince ak\u0131llara \u201c\u00f6\u011fretici, didaktik yan\u0131a\u011f\u0131r basan, rol model olunmas\u0131 beklenen, yap\u0131lmas\u0131 gerekenleri anlatan\u201d gibi y\u00f6ntemlergelebilmektedir.\u201cY\u00f6nlendirilmemek ve Oyun\u201d kelimeleri uzmanl\u0131k gerektirmeyen bir uygulama gibide\u011ferlendirilebilmektedir. Oysa di\u011fer terapi ekolleri gibi, uzun s\u00fcren teorik ve uygulamal\u0131e\u011fitimlerin ard\u0131ndan dan\u0131\u015fan kar\u015f\u0131s\u0131na \u00e7\u0131k\u0131labilecek bir terapi [&hellip;]<\/p>\n","protected":false},"author":1,"featured_media":0,"parent":0,"menu_order":0,"comment_status":"closed","ping_status":"closed","template":"","meta":{"saved_in_kubio":true,"footnotes":""},"class_list":["post-242","page","type-page","status-publish","hentry"],"kubio_ai_page_context":{"short_desc":"","purpose":"general"},"_links":{"self":[{"href":"https:\/\/www.arifegokceoglubayrak.com\/index.php?rest_route=\/wp\/v2\/pages\/242","targetHints":{"allow":["GET"]}}],"collection":[{"href":"https:\/\/www.arifegokceoglubayrak.com\/index.php?rest_route=\/wp\/v2\/pages"}],"about":[{"href":"https:\/\/www.arifegokceoglubayrak.com\/index.php?rest_route=\/wp\/v2\/types\/page"}],"author":[{"embeddable":true,"href":"https:\/\/www.arifegokceoglubayrak.com\/index.php?rest_route=\/wp\/v2\/users\/1"}],"replies":[{"embeddable":true,"href":"https:\/\/www.arifegokceoglubayrak.com\/index.php?rest_route=%2Fwp%2Fv2%2Fcomments&post=242"}],"version-history":[{"count":3,"href":"https:\/\/www.arifegokceoglubayrak.com\/index.php?rest_route=\/wp\/v2\/pages\/242\/revisions"}],"predecessor-version":[{"id":248,"href":"https:\/\/www.arifegokceoglubayrak.com\/index.php?rest_route=\/wp\/v2\/pages\/242\/revisions\/248"}],"wp:attachment":[{"href":"https:\/\/www.arifegokceoglubayrak.com\/index.php?rest_route=%2Fwp%2Fv2%2Fmedia&parent=242"}],"curies":[{"name":"wp","href":"https:\/\/api.w.org\/{rel}","templated":true}]}}