{"id":252,"date":"2025-02-13T13:30:22","date_gmt":"2025-02-13T13:30:22","guid":{"rendered":"https:\/\/www.arifegokceoglubayrak.com\/?page_id=252"},"modified":"2025-02-14T18:49:47","modified_gmt":"2025-02-14T18:49:47","slug":"genc-ve-eriskinlerde-bireysel-terapide-psikodinamik-psikoterapi-yaklasimi","status":"publish","type":"page","link":"https:\/\/www.arifegokceoglubayrak.com\/?page_id=252","title":{"rendered":"Bireysel Terapi"},"content":{"rendered":"\n<p><strong>Gen\u00e7 ve Eri\u015fkinlerde Bireysel Terapide Psikodinamik Psikoterapi Yakla\u015f\u0131m\u0131<\/strong><br><br>Psikodinamik Psikoterapi, psikanalitik kuramdan beslenen, bireyin bilin\u00e7d\u0131\u015f\u0131 s\u00fcre\u00e7lerini, i\u00e7sel<br>\u00e7at\u0131\u015fmalar\u0131n\u0131 ve ge\u00e7mi\u015f ya\u015fant\u0131lar\u0131n\u0131n bug\u00fcnk\u00fc duygu, d\u00fc\u015f\u00fcnce ve davran\u0131\u015flar\u0131n\u0131 nas\u0131l<br>etkiledi\u011fini anlamas\u0131na yard\u0131mc\u0131 olan bir terapi t\u00fcr\u00fcd\u00fcr.<\/p>\n\n\n\n\n\n<p>Temel \u00d6zellikleri:<br><\/p>\n\n\n\n<ol class=\"wp-block-list\">\n<li>Bilin\u00e7d\u0131\u015f\u0131 S\u00fcre\u00e7ler: Ki\u015finin fark\u0131nda olmad\u0131\u011f\u0131 duygular, d\u00fcrt\u00fcler ve savunma<br>mekanizmalar\u0131 \u00fczerinde \u00e7al\u0131\u015f\u0131l\u0131r.<\/li>\n\n\n\n<li>Ge\u00e7mi\u015fin Etkisi: \u00c7ocukluk deneyimlerinin ve erken d\u00f6nem ili\u015fkilerin, bug\u00fcnk\u00fc psikolojik<br>i\u015fleyi\u015f \u00fczerindeki etkisi incelenir.<\/li>\n\n\n\n<li>Aktar\u0131m ve Kar\u015f\u0131t Aktar\u0131m: Dan\u0131\u015fan\u0131n terapiste y\u00f6nelik duygu ve tutumlar\u0131 (aktar\u0131m) ile<br>terapistin dan\u0131\u015fana y\u00f6nelik tepkileri (kar\u015f\u0131t aktar\u0131m) terapi s\u00fcrecinde ele al\u0131n\u0131r.<\/li>\n\n\n\n<li>Serbest \u00c7a\u011fr\u0131\u015f\u0131m: Ki\u015finin akl\u0131na gelen her \u015feyi \u00f6zg\u00fcrce ifade etmesi te\u015fvik edilir.<\/li>\n\n\n\n<li>Semboller ve R\u00fcyalar: R\u00fcyalar ve semboller yorumlanarak bilin\u00e7d\u0131\u015f\u0131 s\u00fcre\u00e7ler anla\u015f\u0131lmaya<br>\u00e7al\u0131\u015f\u0131l\u0131r.<br>K\u0131saca Kullan\u0131m Alanlar\u0131:<br>Kayg\u0131 bozukluklar\u0131<br>\u0130li\u015fki ve Ba\u011flanma Sorunlar\u0131<br>\u00d6zg\u00fcven ve Kimlik Problemleri<br>Depresyon<br>Ki\u015filik bozukluklar\u0131<br>\u00d6zg\u00fcven sorunlar\u0131<br>\u0130li\u015fki problemleri<br>Travma sonras\u0131 stres bozuklu\u011fu<br>Psikosomatik Rahats\u0131zl\u0131klar<\/li>\n<\/ol>\n\n\n\n<p>Bu terapi s\u00fcreci genellikle uzun vadeli olup, dan\u0131\u015fan\u0131n kendini daha derinlemesine<br>ke\u015ffetmesini ve i\u00e7sel \u00e7at\u0131\u015fmalar\u0131n\u0131 \u00e7\u00f6zmesini&nbsp;ama\u00e7lar.<\/p>\n","protected":false},"excerpt":{"rendered":"<p>Gen\u00e7 ve Eri\u015fkinlerde Bireysel Terapide Psikodinamik Psikoterapi Yakla\u015f\u0131m\u0131 Psikodinamik Psikoterapi, psikanalitik kuramdan beslenen, bireyin bilin\u00e7d\u0131\u015f\u0131 s\u00fcre\u00e7lerini, i\u00e7sel\u00e7at\u0131\u015fmalar\u0131n\u0131 ve ge\u00e7mi\u015f ya\u015fant\u0131lar\u0131n\u0131n bug\u00fcnk\u00fc duygu, d\u00fc\u015f\u00fcnce ve davran\u0131\u015flar\u0131n\u0131 nas\u0131letkiledi\u011fini anlamas\u0131na yard\u0131mc\u0131 olan bir terapi t\u00fcr\u00fcd\u00fcr. Temel \u00d6zellikleri: Bu terapi s\u00fcreci genellikle uzun vadeli olup, dan\u0131\u015fan\u0131n kendini daha derinlemesineke\u015ffetmesini ve i\u00e7sel \u00e7at\u0131\u015fmalar\u0131n\u0131 \u00e7\u00f6zmesini&nbsp;ama\u00e7lar.<\/p>\n","protected":false},"author":1,"featured_media":0,"parent":0,"menu_order":0,"comment_status":"closed","ping_status":"closed","template":"","meta":{"saved_in_kubio":true,"footnotes":""},"class_list":["post-252","page","type-page","status-publish","hentry"],"kubio_ai_page_context":{"short_desc":"","purpose":"general"},"_links":{"self":[{"href":"https:\/\/www.arifegokceoglubayrak.com\/index.php?rest_route=\/wp\/v2\/pages\/252","targetHints":{"allow":["GET"]}}],"collection":[{"href":"https:\/\/www.arifegokceoglubayrak.com\/index.php?rest_route=\/wp\/v2\/pages"}],"about":[{"href":"https:\/\/www.arifegokceoglubayrak.com\/index.php?rest_route=\/wp\/v2\/types\/page"}],"author":[{"embeddable":true,"href":"https:\/\/www.arifegokceoglubayrak.com\/index.php?rest_route=\/wp\/v2\/users\/1"}],"replies":[{"embeddable":true,"href":"https:\/\/www.arifegokceoglubayrak.com\/index.php?rest_route=%2Fwp%2Fv2%2Fcomments&post=252"}],"version-history":[{"count":4,"href":"https:\/\/www.arifegokceoglubayrak.com\/index.php?rest_route=\/wp\/v2\/pages\/252\/revisions"}],"predecessor-version":[{"id":261,"href":"https:\/\/www.arifegokceoglubayrak.com\/index.php?rest_route=\/wp\/v2\/pages\/252\/revisions\/261"}],"wp:attachment":[{"href":"https:\/\/www.arifegokceoglubayrak.com\/index.php?rest_route=%2Fwp%2Fv2%2Fmedia&parent=252"}],"curies":[{"name":"wp","href":"https:\/\/api.w.org\/{rel}","templated":true}]}}