{"id":262,"date":"2025-02-14T18:52:54","date_gmt":"2025-02-14T18:52:54","guid":{"rendered":"https:\/\/www.arifegokceoglubayrak.com\/?page_id=262"},"modified":"2025-02-14T18:52:54","modified_gmt":"2025-02-14T18:52:54","slug":"dinamik-psikoterapi-perspektifinden-ebeveyn-danismanligi","status":"publish","type":"page","link":"https:\/\/www.arifegokceoglubayrak.com\/?page_id=262","title":{"rendered":"Dinamik Psikoterapi Perspektifinden Ebeveyn Dan\u0131\u015fmanl\u0131\u011f\u0131"},"content":{"rendered":"\n<p><\/p>\n\n\n\n<p>\u00c7ocuklarla ve gen\u00e7lerle terapi odakl\u0131 \u00e7al\u0131\u015fmak her zaman temel ihtiya\u00e7 olmayabiliyor ya da do\u011fru ba\u015flang\u0131\u00e7 noktas\u0131 terapi ile olmayabiliyor. Anne-baba, \u00e7ocuk \u00fc\u00e7genini anlamak bu konuda i\u015f birli\u011fi i\u00e7inde yard\u0131m al\u0131nmas\u0131 istenilen g\u00fc\u00e7l\u00fckleri birlikte d\u00fc\u015f\u00fcnmek de \u00f6nemli bir ba\u015flang\u0131\u00e7 olabiliyor. Bu t\u00fcr durumlarda dan\u0131\u015fmanl\u0131k yaparak ailelerle \u00e7al\u0131\u015fabiliyoruz. Ebeveyn dan\u0131\u015fmanl\u0131\u011f\u0131, anne ve babalar\u0131n \u00e7ocuklar\u0131yla sa\u011fl\u0131kl\u0131 bir ili\u015fki kurmalar\u0131n\u0131, ebeveynlik becerilerini geli\u015ftirmelerini ve \u00e7ocuklar\u0131n\u0131n psikososyal geli\u015fimini desteklemelerini hedefler. \u00c7ocuklar\u0131n davran\u0131\u015fsal, duygusal ve geli\u015fimsel s\u00fcre\u00e7lerinde ebeveynlere yol g\u00f6stererek, sorunlarla ba\u015fa \u00e7\u0131kma stratejileri&nbsp;sunar. Yol g\u00f6stermek derken tekrar alt\u0131 \u00e7izilmeli, ebeveynlerin pasif durumda \u00f6nerilerine maruz kald\u0131\u011f\u0131 ya da ba\u015fka bir deyi\u015fle terapistin onlar ad\u0131na daha uygun olan tutumlar\u0131 bildi\u011fi ve \u00f6nerebilece\u011fi gibi bir y\u00f6ntem gibi d\u00fc\u015f\u00fcn\u00fclmesi yan\u0131lt\u0131c\u0131 olabilir.<\/p>\n\n\n\n<p>Ebeveyn dan\u0131\u015fmanl\u0131\u011f\u0131 yaparken farkl\u0131 terapi ekollerinden faydalan\u0131labilir. &nbsp;Dinamik psikoterapi, bireyin bilin\u00e7d\u0131\u015f\u0131 s\u00fcre\u00e7lerini, erken \u00e7ocukluk deneyimlerini ve i\u00e7sel \u00e7at\u0131\u015fmalar\u0131n\u0131 anlamaya odaklanan bir terapi yakla\u015f\u0131m\u0131d\u0131r. Ebeveyn dan\u0131\u015fmanl\u0131\u011f\u0131nda bu bak\u0131\u015f a\u00e7\u0131s\u0131, ebeveynlerin kendi psikolojik dinamiklerini fark etmelerine ve ebeveynlik rollerinde bilin\u00e7d\u0131\u015f\u0131 fakt\u00f6rlerin nas\u0131l etkili oldu\u011funu anlamalar\u0131na yard\u0131mc\u0131 olabilir.<\/p>\n\n\n\n<p>Dinamik psikoterapi perspektifinden ebeveyn dan\u0131\u015fmanl\u0131\u011f\u0131, ebeveynlerin sadece \u00e7ocuk yeti\u015ftirme becerilerini geli\u015ftirmeye de\u011fil, ayn\u0131 zamanda kendi psikolojik yap\u0131lar\u0131n\u0131n fark\u0131na varmalar\u0131na ve daha bilin\u00e7li bir ebeveynlik yapmalar\u0131na odaklan\u0131r. Bu s\u00fcre\u00e7, ebeveynin hem kendisiyle hem de \u00e7ocu\u011fuyla daha derin ve sa\u011fl\u0131kl\u0131 bir ba\u011f kurmas\u0131na&nbsp;yard\u0131mc\u0131&nbsp;olur.<\/p>\n\n\n\n<p>Ebeveynler i\u00e7in \u00e7ocu\u011fun ruhsal d\u00fcnyas\u0131n\u0131 anlamak \u00e7ok \u00f6nemlidir. \u00c7ocuklar\u0131n davran\u0131\u015flar\u0131 genellikle duygusal ihtiya\u00e7lar\u0131n bir yans\u0131mas\u0131 da olabilir. Ebeveynlere, \u00e7ocu\u011fun i\u00e7 d\u00fcnyas\u0131n\u0131 anlamalar\u0131 i\u00e7in psikodinamik bak\u0131\u015f a\u00e7\u0131s\u0131yla rehberlik edildi\u011finde ili\u015fkiyi anlamay\u0131 semptomu anlamadan daha faydal\u0131 olabilece\u011fini i\u00e7selle\u015ftirebildi\u011fimizde daha kal\u0131c\u0131 iyile\u015fmeler ya\u015f\u0131yoruz. Belki s\u00f6yle bir \u00f6rnek uygun olabilir, ayr\u0131l\u0131k kayg\u0131s\u0131 ya\u015fayan bir \u00e7ocu\u011fun davran\u0131\u015flar\u0131 y\u00fczeyde &#8220;huysuzluk&#8221; gibi g\u00f6r\u00fcnebilir. Ebeveynin huysuzluk, \u015f\u0131mar\u0131kl\u0131k gibi yorumlad\u0131\u011f\u0131 bir durum bir\u00e7ok ge\u00e7mi\u015f duyguyu tetikleyebilir anlamak ve anla\u015fmak g\u00fc\u00e7le\u015fir, oysa ki bazen bir belirtinin alt\u0131nda ba\u015fka nedenler yatabilmektedir, huysuzluk dedi\u011fimiz bu olgunun alt\u0131nda \u00e7ocu\u011fun benlik g\u00fcc\u00fcn\u00fcn d\u0131\u015f d\u00fcnyada yeterince kendini savunamad\u0131\u011f\u0131 durumlarda d\u0131\u015farda zay\u0131f evde kendi istedi\u011fi olan t\u00fcm g\u00fc\u00e7l\u00fc olmay\u0131 denemek ya da ebeveynle g\u00fcvenli ba\u011flanma ihtiyac\u0131 gibi ba\u015fka nedenler olabilir.<\/p>\n\n\n\n<p>K\u0131saca ebeveynlerin kendilerini anlamalar\u0131na, i\u00e7sel \u00e7at\u0131\u015fmalar\u0131n\u0131 \u00e7\u00f6zmelerine ve bilin\u00e7li ebeveynlik yapmalar\u0131na destek olmay\u0131 hedefleyen bu y\u00f6ntem, duygular\u0131n\u0131 d\u00fczenleyebilen ve kendi ge\u00e7mi\u015fleriyle y\u00fczle\u015febilen ebeveynler, \u00e7ocuklar\u0131na daha sa\u011fl\u0131kl\u0131 bir psikolojik ortam sunabilir.<\/p>\n","protected":false},"excerpt":{"rendered":"<p>\u00c7ocuklarla ve gen\u00e7lerle terapi odakl\u0131 \u00e7al\u0131\u015fmak her zaman temel ihtiya\u00e7 olmayabiliyor ya da do\u011fru ba\u015flang\u0131\u00e7 noktas\u0131 terapi ile olmayabiliyor. Anne-baba, \u00e7ocuk \u00fc\u00e7genini anlamak bu konuda i\u015f birli\u011fi i\u00e7inde yard\u0131m al\u0131nmas\u0131 istenilen g\u00fc\u00e7l\u00fckleri birlikte d\u00fc\u015f\u00fcnmek de \u00f6nemli bir ba\u015flang\u0131\u00e7 olabiliyor. Bu t\u00fcr durumlarda dan\u0131\u015fmanl\u0131k yaparak ailelerle \u00e7al\u0131\u015fabiliyoruz. Ebeveyn dan\u0131\u015fmanl\u0131\u011f\u0131, anne ve babalar\u0131n \u00e7ocuklar\u0131yla sa\u011fl\u0131kl\u0131 bir ili\u015fki [&hellip;]<\/p>\n","protected":false},"author":1,"featured_media":0,"parent":0,"menu_order":0,"comment_status":"closed","ping_status":"closed","template":"","meta":{"saved_in_kubio":false,"footnotes":""},"class_list":["post-262","page","type-page","status-publish","hentry"],"kubio_ai_page_context":{"short_desc":"","purpose":"general"},"_links":{"self":[{"href":"https:\/\/www.arifegokceoglubayrak.com\/index.php?rest_route=\/wp\/v2\/pages\/262","targetHints":{"allow":["GET"]}}],"collection":[{"href":"https:\/\/www.arifegokceoglubayrak.com\/index.php?rest_route=\/wp\/v2\/pages"}],"about":[{"href":"https:\/\/www.arifegokceoglubayrak.com\/index.php?rest_route=\/wp\/v2\/types\/page"}],"author":[{"embeddable":true,"href":"https:\/\/www.arifegokceoglubayrak.com\/index.php?rest_route=\/wp\/v2\/users\/1"}],"replies":[{"embeddable":true,"href":"https:\/\/www.arifegokceoglubayrak.com\/index.php?rest_route=%2Fwp%2Fv2%2Fcomments&post=262"}],"version-history":[{"count":1,"href":"https:\/\/www.arifegokceoglubayrak.com\/index.php?rest_route=\/wp\/v2\/pages\/262\/revisions"}],"predecessor-version":[{"id":263,"href":"https:\/\/www.arifegokceoglubayrak.com\/index.php?rest_route=\/wp\/v2\/pages\/262\/revisions\/263"}],"wp:attachment":[{"href":"https:\/\/www.arifegokceoglubayrak.com\/index.php?rest_route=%2Fwp%2Fv2%2Fmedia&parent=262"}],"curies":[{"name":"wp","href":"https:\/\/api.w.org\/{rel}","templated":true}]}}