{"id":264,"date":"2025-02-14T18:53:59","date_gmt":"2025-02-14T18:53:59","guid":{"rendered":"https:\/\/www.arifegokceoglubayrak.com\/?page_id=264"},"modified":"2025-02-14T18:55:26","modified_gmt":"2025-02-14T18:55:26","slug":"ergen-psikoterapisi","status":"publish","type":"page","link":"https:\/\/www.arifegokceoglubayrak.com\/?page_id=264","title":{"rendered":"Ergen psikoterapisi"},"content":{"rendered":"\n<p>Ergen psikoterapisi, ergenlik d\u00f6nemindeki bireylerin ya\u015fad\u0131\u011f\u0131 duygusal, bili\u015fsel ve davran\u0131\u015fsal zorluklar\u0131 ele alan bir terapi t\u00fcr\u00fcd\u00fcr. Bu s\u00fcre\u00e7, ergenin ya\u015fad\u0131\u011f\u0131 stres, kayg\u0131, depresyon, kimlik karma\u015fas\u0131, aile ve arkada\u015f ili\u015fkileri, akademik bask\u0131lar gibi konular\u0131 anlamas\u0131na ve ba\u015fa \u00e7\u0131kma becerileri geli\u015ftirmesine yard\u0131mc\u0131 olmay\u0131 hedeflemektedir.<\/p>\n\n\n\n\n\n<p>Ergen psikoterapisinde terapistin ald\u0131\u011f\u0131 e\u011fitimler ve uygulayabilme yeterlili\u011fine uygun \u015fekilde kullan\u0131lan farkl\u0131 yakla\u015f\u0131mlar vard\u0131r. Ergenin ge\u00e7mi\u015f deneyimlerini ve bilin\u00e7d\u0131\u015f\u0131 s\u00fcre\u00e7lerini anlamas\u0131na yard\u0131mc\u0131 olmay\u0131 hedefleyen <strong><em>Dinamik Psikoterapi<\/em><\/strong>, olumsuz d\u00fc\u015f\u00fcnce kal\u0131plar\u0131n\u0131 de\u011fi\u015ftirmeye odaklanan <strong><em>Bili\u015fsel Davran\u0131\u015f\u00e7\u0131 Terapi (BDT),<\/em><\/strong> duygular\u0131n\u0131 ifade etmekte zorlanan ergenler i\u00e7in yarat\u0131c\u0131 y\u00f6ntemler kullanan <strong><em>oyun ve sanat terapisi<\/em><\/strong> tekniklerini \u00f6nemli ekoller olarak s\u0131ralayabiliriz.<\/p>\n\n\n\n<p>Ergen psikoterapisi, bireysel veya grup terapisi \u015feklinde uygulanabilir. Terapist, ergenin ihtiya\u00e7lar\u0131na g\u00f6re terapi s\u00fcreci aile, gen\u00e7 ve terapistle birlikte \u00e7er\u00e7evelendirilir. Ve bu s\u00fcre\u00e7 ebeveynlerle i\u015f birli\u011fi i\u00e7inde s\u00fcrd\u00fcr\u00fcl\u00fcr.<\/p>\n","protected":false},"excerpt":{"rendered":"<p>Ergen psikoterapisi, ergenlik d\u00f6nemindeki bireylerin ya\u015fad\u0131\u011f\u0131 duygusal, bili\u015fsel ve davran\u0131\u015fsal zorluklar\u0131 ele alan bir terapi t\u00fcr\u00fcd\u00fcr. Bu s\u00fcre\u00e7, ergenin ya\u015fad\u0131\u011f\u0131 stres, kayg\u0131, depresyon, kimlik karma\u015fas\u0131, aile ve arkada\u015f ili\u015fkileri, akademik bask\u0131lar gibi konular\u0131 anlamas\u0131na ve ba\u015fa \u00e7\u0131kma becerileri geli\u015ftirmesine yard\u0131mc\u0131 olmay\u0131 hedeflemektedir. Ergen psikoterapisinde terapistin ald\u0131\u011f\u0131 e\u011fitimler ve uygulayabilme yeterlili\u011fine uygun \u015fekilde kullan\u0131lan farkl\u0131 yakla\u015f\u0131mlar [&hellip;]<\/p>\n","protected":false},"author":1,"featured_media":0,"parent":0,"menu_order":0,"comment_status":"closed","ping_status":"closed","template":"","meta":{"saved_in_kubio":false,"footnotes":""},"class_list":["post-264","page","type-page","status-publish","hentry"],"kubio_ai_page_context":{"short_desc":"","purpose":"general"},"_links":{"self":[{"href":"https:\/\/www.arifegokceoglubayrak.com\/index.php?rest_route=\/wp\/v2\/pages\/264","targetHints":{"allow":["GET"]}}],"collection":[{"href":"https:\/\/www.arifegokceoglubayrak.com\/index.php?rest_route=\/wp\/v2\/pages"}],"about":[{"href":"https:\/\/www.arifegokceoglubayrak.com\/index.php?rest_route=\/wp\/v2\/types\/page"}],"author":[{"embeddable":true,"href":"https:\/\/www.arifegokceoglubayrak.com\/index.php?rest_route=\/wp\/v2\/users\/1"}],"replies":[{"embeddable":true,"href":"https:\/\/www.arifegokceoglubayrak.com\/index.php?rest_route=%2Fwp%2Fv2%2Fcomments&post=264"}],"version-history":[{"count":2,"href":"https:\/\/www.arifegokceoglubayrak.com\/index.php?rest_route=\/wp\/v2\/pages\/264\/revisions"}],"predecessor-version":[{"id":269,"href":"https:\/\/www.arifegokceoglubayrak.com\/index.php?rest_route=\/wp\/v2\/pages\/264\/revisions\/269"}],"wp:attachment":[{"href":"https:\/\/www.arifegokceoglubayrak.com\/index.php?rest_route=%2Fwp%2Fv2%2Fmedia&parent=264"}],"curies":[{"name":"wp","href":"https:\/\/api.w.org\/{rel}","templated":true}]}}