{"id":42,"date":"2022-08-23T08:37:38","date_gmt":"2022-08-23T08:37:38","guid":{"rendered":"https:\/\/arifegokceoglubayrak.com\/?page_id=42"},"modified":"2024-12-27T09:02:15","modified_gmt":"2024-12-27T09:02:15","slug":"iletisim","status":"publish","type":"page","link":"https:\/\/www.arifegokceoglubayrak.com\/?page_id=42","title":{"rendered":"\u0130leti\u015fim"},"content":{"rendered":"\n<figure class=\"wp-block-image size-large\"><img loading=\"lazy\" decoding=\"async\" width=\"1024\" height=\"695\" src=\"https:\/\/www.arifegokceoglubayrak.com\/wp-content\/uploads\/2024\/12\/arifeadres-1024x695.jpg\" alt=\"\" class=\"wp-image-138\" srcset=\"https:\/\/www.arifegokceoglubayrak.com\/wp-content\/uploads\/2024\/12\/arifeadres-1024x695.jpg 1024w, https:\/\/www.arifegokceoglubayrak.com\/wp-content\/uploads\/2024\/12\/arifeadres-300x204.jpg 300w, https:\/\/www.arifegokceoglubayrak.com\/wp-content\/uploads\/2024\/12\/arifeadres-768x521.jpg 768w, https:\/\/www.arifegokceoglubayrak.com\/wp-content\/uploads\/2024\/12\/arifeadres-1536x1042.jpg 1536w, https:\/\/www.arifegokceoglubayrak.com\/wp-content\/uploads\/2024\/12\/arifeadres-2048x1390.jpg 2048w, https:\/\/www.arifegokceoglubayrak.com\/wp-content\/uploads\/2024\/12\/arifeadres-1592x1080.jpg 1592w\" sizes=\"(max-width: 1024px) 100vw, 1024px\" \/><\/figure>\n\n\n\n<p>Adres : K\u00fclt\u00fcr Mh. \u015eair E\u015fref Bulvar\u0131 I\u015f\u0131k Apt. No:41 K:3 D:7 Konak \u0130zmir<\/p>\n\n\n\n<p>Telefon : +905421007335<br>E-Posta: arifegokceoglu@gmail.com<\/p>\n","protected":false},"excerpt":{"rendered":"<p>Adres : K\u00fclt\u00fcr Mh. \u015eair E\u015fref Bulvar\u0131 I\u015f\u0131k Apt. No:41 K:3 D:7 Konak \u0130zmir Telefon : +905421007335E-Posta: arifegokceoglu@gmail.com<\/p>\n","protected":false},"author":1,"featured_media":0,"parent":0,"menu_order":0,"comment_status":"closed","ping_status":"closed","template":"","meta":{"saved_in_kubio":true,"footnotes":""},"class_list":["post-42","page","type-page","status-publish","hentry"],"kubio_ai_page_context":{"short_desc":"","purpose":"general"},"_links":{"self":[{"href":"https:\/\/www.arifegokceoglubayrak.com\/index.php?rest_route=\/wp\/v2\/pages\/42","targetHints":{"allow":["GET"]}}],"collection":[{"href":"https:\/\/www.arifegokceoglubayrak.com\/index.php?rest_route=\/wp\/v2\/pages"}],"about":[{"href":"https:\/\/www.arifegokceoglubayrak.com\/index.php?rest_route=\/wp\/v2\/types\/page"}],"author":[{"embeddable":true,"href":"https:\/\/www.arifegokceoglubayrak.com\/index.php?rest_route=\/wp\/v2\/users\/1"}],"replies":[{"embeddable":true,"href":"https:\/\/www.arifegokceoglubayrak.com\/index.php?rest_route=%2Fwp%2Fv2%2Fcomments&post=42"}],"version-history":[{"count":5,"href":"https:\/\/www.arifegokceoglubayrak.com\/index.php?rest_route=\/wp\/v2\/pages\/42\/revisions"}],"predecessor-version":[{"id":223,"href":"https:\/\/www.arifegokceoglubayrak.com\/index.php?rest_route=\/wp\/v2\/pages\/42\/revisions\/223"}],"wp:attachment":[{"href":"https:\/\/www.arifegokceoglubayrak.com\/index.php?rest_route=%2Fwp%2Fv2%2Fmedia&parent=42"}],"curies":[{"name":"wp","href":"https:\/\/api.w.org\/{rel}","templated":true}]}}